{"id":34057,"date":"2017-06-08T09:47:52","date_gmt":"2017-06-08T15:47:52","guid":{"rendered":"https:\/\/baonline.cog7engage.net\/suscripciones\/"},"modified":"2024-07-24T12:56:53","modified_gmt":"2024-07-24T18:56:53","slug":"suscripciones","status":"publish","type":"page","link":"https:\/\/baonline.artiosmagazine.org\/es\/suscripciones\/","title":{"rendered":"Suscripciones"},"content":{"rendered":"\n<!-- Include the Roboto font from Google Fonts -->\n<link href=\"https:\/\/fonts.googleapis.com\/css2?family=Roboto:wght@400;700&#038;display=swap\" rel=\"stylesheet\">\n\n<h1 style=\"text-align: center;\">Maneja Tu Suscripci\u00f3n<\/h1>\n<div class=\"form-description\" style=\"color: black; font-size: 16px; font-family: 'Roboto', sans-serif;\">\n    Administra tu suscripci\u00f3n al Abogado De La Biblia usando nuestro men\u00fa en l\u00ednea. Simplemente selecciona una de las siguientes opciones: suscribirse para recibir nuevos art\u00edculos, cambiar su direcci\u00f3n o cancelar tu suscripci\u00f3n. Las suscripciones al AB son gratuitas. Comience hoy para garantizar tu suscripci\u00f3n al Abogado De La Biblia.\n<\/div>\n<form action=\"https:\/\/formspree.io\/f\/xjkbgojp\" method=\"POST\" id=\"subscriptionForm\" style=\"font-size: 16px; font-family: 'Roboto', sans-serif;\">\n    <div style=\"margin-bottom: 20px;\">\n        <label for=\"actionType\" style=\"flex: 1; display: block;\">\u00bfQu\u00e9 te gustar\u00eda hacer?<\/label>\n        <select id=\"actionType\" name=\"Action Type\" required style=\"width: 100%;\">\n            <option value=\"Suscribirse al AB\">Suscribirse al AB<\/option>\n            <option value=\"Cambiar Direcci\u00f3n\">Cambiar Direcci\u00f3n<\/option>\n            <option value=\"Cancelar Suscripci\u00f3n\">Cancelar Suscripci\u00f3n<\/option>\n        <\/select>\n    <\/div>\n\n    <div style=\"margin-bottom: 20px;\">\n        <label for=\"language\" style=\"flex: 1; display: block;\">Idioma<\/label>\n        <select id=\"language\" name=\"Language\" required style=\"width: 100%;\">\n            <option value=\"Espa\u00f1ol\">Espa\u00f1ol<\/option>\n            <option value=\"Ingl\u00e9s\">Ingl\u00e9s<\/option>\n        <\/select>\n    <\/div>\n\n    <div style=\"margin-bottom: 20px;\">\n        <label for=\"name\" style=\"flex: 1; display: block;\">Nombre (Requerido)<\/label>\n        <input type=\"text\" id=\"name\" name=\"Name\" required style=\"width: 100%;\">\n    <\/div>\n\n    <div style=\"margin-bottom: 20px;\">\n        <label for=\"email\" style=\"flex: 1; display: block;\">Correo Electr\u00f3nico (Requerido)<\/label>\n        <input type=\"email\" id=\"email\" name=\"Email\" required style=\"width: 100%;\">\n    <\/div>\n\n    <div style=\"margin-bottom: 20px;\">\n        <label for=\"address\" style=\"flex: 1; display: block;\">Direcci\u00f3n (Requerido)<\/label>\n        <input type=\"text\" id=\"address\" name=\"Address\" required style=\"width: 100%;\">\n    <\/div>\n\n    <div style=\"margin-bottom: 20px;\">\n        <label for=\"address2\" style=\"flex: 1; display: block;\">L\u00ednea de Direcci\u00f3n 2<\/label>\n        <input type=\"text\" id=\"address2\" name=\"Address2\" style=\"width: 100%;\">\n    <\/div>\n\n    <div style=\"display: flex; margin-bottom: 20px;\">\n        <div style=\"flex: 1; margin-right: 10px;\">\n            <label for=\"city\" style=\"flex: 1; display: block;\">Ciudad (Requerido)<\/label>\n            <input type=\"text\" id=\"city\" name=\"City\" style=\"width: 100%;\">\n        <\/div>\n\n        <div style=\"flex: 1;\">\n            <label for=\"state\" style=\"flex: 1; display: block;\">Estado (Requerido)<\/label>\n            <select id=\"state\" name=\"State\" style=\"width: 100%;\">\n                <option value=\"\">Selecciona un estado&#8230;<\/option>\n                <option value=\"AL\">Alabama<\/option>\n                <option value=\"AK\">Alaska<\/option>\n                <option value=\"AZ\">Arizona<\/option>\n                <option value=\"AR\">Arkansas<\/option>\n                <option value=\"CA\">California<\/option>\n                <option value=\"CO\">Colorado<\/option>\n                <option value=\"CT\">Connecticut<\/option>\n                <option value=\"DE\">Delaware<\/option>\n                <option value=\"FL\">Florida<\/option>\n                <option value=\"GA\">Georgia<\/option>\n                <option value=\"HI\">Haw\u00e1i<\/option>\n                <option value=\"ID\">Idaho<\/option>\n                <option value=\"IL\">Illinois<\/option>\n                <option value=\"IN\">Indiana<\/option>\n                <option value=\"IA\">Iowa<\/option>\n                <option value=\"KS\">Kansas<\/option>\n                <option value=\"KY\">Kentucky<\/option>\n                <option value=\"LA\">Louisiana<\/option>\n                <option value=\"ME\">Maine<\/option>\n                <option value=\"MD\">Maryland<\/option>\n                <option value=\"MA\">Massachusetts<\/option>\n                <option value=\"MI\">Michigan<\/option>\n                <option value=\"MN\">Minnesota<\/option>\n                <option value=\"MS\">Mississippi<\/option>\n                <option value=\"MO\">Missouri<\/option>\n                <option value=\"MT\">Montana<\/option>\n                <option value=\"NE\">Nebraska<\/option>\n                <option value=\"NV\">Nevada<\/option>\n                <option value=\"NH\">New Hampshire<\/option>\n                <option value=\"NJ\">New Jersey<\/option>\n                <option value=\"NM\">Nuevo M\u00e9xico<\/option>\n                <option value=\"NY\">Nueva York<\/option>\n                <option value=\"NC\">Carolina del Norte<\/option>\n                <option value=\"ND\">Dakota del Norte<\/option>\n                <option value=\"OH\">Ohio<\/option>\n                <option value=\"OK\">Oklahoma<\/option>\n                <option value=\"OR\">Oreg\u00f3n<\/option>\n                <option value=\"PA\">Pensilvania<\/option>\n                <option value=\"RI\">Rhode Island<\/option>\n                <option value=\"SC\">Carolina del Sur<\/option>\n                <option value=\"SD\">Dakota del Sur<\/option>\n                <option value=\"TN\">Tennessee<\/option>\n                <option value=\"TX\">Texas<\/option>\n                <option value=\"UT\">Utah<\/option>\n                <option value=\"VT\">Vermont<\/option>\n                <option value=\"VA\">Virginia<\/option>\n                <option value=\"WA\">Washington<\/option>\n                <option value=\"WV\">Virginia Occidental<\/option>\n                <option value=\"WI\">Wisconsin<\/option>\n                <option value=\"WY\">Wyoming<\/option>\n            <\/select>\n        <\/div>\n    <\/div>\n\n    <div style=\"margin-bottom: 20px;\">\n        <label for=\"zip\" style=\"flex: 1; display: block;\">C\u00f3digo Postal (Requerido)<\/label>\n        <input type=\"text\" id=\"zip\" name=\"Zip Code\" style=\"width: 100%;\">\n    <\/div>\n\n    <div style=\"margin-bottom: 20px;\">\n        <label for=\"comments\" style=\"flex: 1; display: block;\">Comentarios<\/label>\n        <textarea id=\"comments\" name=\"Comments\" style=\"width: 100%;\"><\/textarea>\n    <\/div>\n\n    <input type=\"hidden\" name=\"g-recaptcha-response\" id=\"g-recaptcha-response\">\n\n    <!-- reCAPTCHA badge -->\n    <div id=\"recaptcha-badge\" style=\"text-align: center; margin-bottom: 20px; font-size: 16px;\">\n        Este sitio est\u00e1 protegido por reCAPTCHA y se aplican la\n        <a href=\"https:\/\/policies.google.com\/privacy\" style=\"color: blue;\">Pol\u00edtica de Privacidad<\/a> y los\n        <a href=\"https:\/\/policies.google.com\/terms\" style=\"color: blue;\">T\u00e9rminos del Servicio<\/a> de Google.\n    <\/div>\n\n    <button type=\"submit\" style=\"padding: 10px 20px; background-color: #007BFF; color: white; border: none; border-radius: 4px; cursor: pointer; font-size: 16px;\">\n        Enviar\n    <\/button>\n<\/form>\n\n<!-- Include the reCAPTCHA script with the Spanish language parameter -->\n<script src=\"https:\/\/www.google.com\/recaptcha\/api.js?render=6Lf61BYqAAAAAFcg4V9Q_HDcEdB1NistQzfM68of&#038;hl=es\" async defer><\/script>\n<script>\n  document.getElementById(\"subscriptionForm\").addEventListener(\"submit\", function(event) {\n    event.preventDefault(); \/\/ Prevent the form from submitting immediately\n    console.log(\"Form submission prevented, executing reCAPTCHA...\");\n\n    grecaptcha.ready(function() {\n      console.log(\"reCAPTCHA is ready, executing...\");\n      grecaptcha.execute(\"6Lf61BYqAAAAAFcg4V9Q_HDcEdB1NistQzfM68of\", {action: \"submit\"}).then(function(token) {\n        console.log(\"reCAPTCHA token received:\", token);\n        document.getElementById(\"g-recaptcha-response\").value = token;\n        console.log(\"reCAPTCHA token set, submitting form...\");\n        document.getElementById(\"subscriptionForm\").submit(); \/\/ Submit the form after the token is set\n      }).catch(function(error) {\n        console.error(\"reCAPTCHA execution error:\", error);\n      });\n    });\n  });\n<\/script>\n\n<style>\n  .grecaptcha-badge {\n    visibility: hidden;\n  }\n  #recaptcha-badge a {\n    color: blue;\n  }\n  form, form * {\n    font-size: 16px;\n    font-family: 'Roboto', sans-serif;\n  }\n  select, input[type=\"text\"], input[type=\"email\"], textarea {\n    border: 1px solid #ccc; \/* Matching border color *\/\n    padding: 8px; \/* Adjust padding for consistency *\/\n    font-size: 16px;\n    font-family: 'Roboto', sans-serif;\n  }\n  select {\n    width: 100%; \/* Ensure the width matches other fields *\/\n  }\n<\/style>\n\n","protected":false},"excerpt":{"rendered":"<p>Maneja Tu Suscripci\u00f3n Administra tu suscripci\u00f3n al Abogado De La Biblia usando nuestro men\u00fa en l\u00ednea. Simplemente selecciona una de las siguientes opciones: suscribirse para recibir nuevos art\u00edculos, cambiar su direcci\u00f3n o cancelar tu suscripci\u00f3n. Las suscripciones al AB son gratuitas. Comience hoy para garantizar tu suscripci\u00f3n al Abogado De La Biblia. \u00bfQu\u00e9 te gustar\u00eda [&hellip;]<\/p>\n","protected":false},"author":18,"featured_media":0,"parent":0,"menu_order":0,"comment_status":"closed","ping_status":"closed","template":"","meta":{"sync_status":"","episode_type":"","audio_file":"","castos_file_data":"","podmotor_file_id":"","cover_image":"","cover_image_id":"","duration":"","filesize":"","filesize_raw":"","date_recorded":"","explicit":"","block":"","itunes_episode_number":"","itunes_title":"","itunes_season_number":"","itunes_episode_type":"","footnotes":""},"class_list":["post-34057","page","type-page","status-publish","hentry"],"yoast_head":"<!-- This site is optimized with the Yoast SEO plugin v26.8 - https:\/\/yoast.com\/product\/yoast-seo-wordpress\/ -->\n<title>Suscripciones - Bible Advocate<\/title>\n<meta name=\"robots\" content=\"index, follow, max-snippet:-1, max-image-preview:large, max-video-preview:-1\" \/>\n<link rel=\"canonical\" href=\"https:\/\/baonline.artiosmagazine.org\/es\/suscripciones\/\" \/>\n<meta property=\"og:locale\" content=\"es_ES\" \/>\n<meta property=\"og:type\" content=\"article\" \/>\n<meta property=\"og:title\" content=\"Suscripciones - Bible Advocate\" \/>\n<meta property=\"og:description\" content=\"Maneja Tu Suscripci\u00f3n Administra tu suscripci\u00f3n al Abogado De La Biblia usando nuestro men\u00fa en l\u00ednea. Simplemente selecciona una de las siguientes opciones: suscribirse para recibir nuevos art\u00edculos, cambiar su direcci\u00f3n o cancelar tu suscripci\u00f3n. Las suscripciones al AB son gratuitas. Comience hoy para garantizar tu suscripci\u00f3n al Abogado De La Biblia. \u00bfQu\u00e9 te gustar\u00eda [&hellip;]\" \/>\n<meta property=\"og:url\" content=\"https:\/\/baonline.artiosmagazine.org\/es\/suscripciones\/\" \/>\n<meta property=\"og:site_name\" content=\"Bible Advocate\" \/>\n<meta property=\"article:modified_time\" content=\"2024-07-24T18:56:53+00:00\" \/>\n<meta property=\"og:image\" content=\"https:\/\/baonline.cog7engage.net\/wp-content\/uploads\/sites\/13\/2021\/08\/November-December21-E.jpg\" \/>\n<meta name=\"twitter:card\" content=\"summary_large_image\" \/>\n<script type=\"application\/ld+json\" class=\"yoast-schema-graph\">{\"@context\":\"https:\/\/schema.org\",\"@graph\":[{\"@type\":\"WebPage\",\"@id\":\"https:\/\/baonline.artiosmagazine.org\/es\/suscripciones\/\",\"url\":\"https:\/\/baonline.artiosmagazine.org\/es\/suscripciones\/\",\"name\":\"Suscripciones - Bible Advocate\",\"isPartOf\":{\"@id\":\"https:\/\/baonline.artiosmagazine.org\/es\/#website\"},\"datePublished\":\"2017-06-08T15:47:52+00:00\",\"dateModified\":\"2024-07-24T18:56:53+00:00\",\"breadcrumb\":{\"@id\":\"https:\/\/baonline.artiosmagazine.org\/es\/suscripciones\/#breadcrumb\"},\"inLanguage\":\"es-ES\",\"potentialAction\":[{\"@type\":\"ReadAction\",\"target\":[\"https:\/\/baonline.artiosmagazine.org\/es\/suscripciones\/\"]}]},{\"@type\":\"BreadcrumbList\",\"@id\":\"https:\/\/baonline.artiosmagazine.org\/es\/suscripciones\/#breadcrumb\",\"itemListElement\":[{\"@type\":\"ListItem\",\"position\":1,\"name\":\"Home\",\"item\":\"https:\/\/baonline.artiosmagazine.org\/es\/\"},{\"@type\":\"ListItem\",\"position\":2,\"name\":\"Suscripciones\"}]},{\"@type\":\"WebSite\",\"@id\":\"https:\/\/baonline.artiosmagazine.org\/es\/#website\",\"url\":\"https:\/\/baonline.artiosmagazine.org\/es\/\",\"name\":\"Bible Advocate\",\"description\":\"Advocating the Bible, representing the Church, and glorifying the God of grace and truth\",\"publisher\":{\"@id\":\"https:\/\/baonline.artiosmagazine.org\/es\/#organization\"},\"potentialAction\":[{\"@type\":\"SearchAction\",\"target\":{\"@type\":\"EntryPoint\",\"urlTemplate\":\"https:\/\/baonline.artiosmagazine.org\/es\/?s={search_term_string}\"},\"query-input\":{\"@type\":\"PropertyValueSpecification\",\"valueRequired\":true,\"valueName\":\"search_term_string\"}}],\"inLanguage\":\"es-ES\"},{\"@type\":\"Organization\",\"@id\":\"https:\/\/baonline.artiosmagazine.org\/es\/#organization\",\"name\":\"Bible Advocate\",\"url\":\"https:\/\/baonline.artiosmagazine.org\/es\/\",\"logo\":{\"@type\":\"ImageObject\",\"inLanguage\":\"es-ES\",\"@id\":\"https:\/\/baonline.artiosmagazine.org\/es\/#\/schema\/logo\/image\/\",\"url\":\"https:\/\/baonline.artiosmagazine.org\/wp-content\/uploads\/sites\/13\/2024\/05\/cropped-BA-Online-Logo-1-3.jpg\",\"contentUrl\":\"https:\/\/baonline.artiosmagazine.org\/wp-content\/uploads\/sites\/13\/2024\/05\/cropped-BA-Online-Logo-1-3.jpg\",\"width\":380,\"height\":80,\"caption\":\"Bible Advocate\"},\"image\":{\"@id\":\"https:\/\/baonline.artiosmagazine.org\/es\/#\/schema\/logo\/image\/\"}}]}<\/script>\n<!-- \/ Yoast SEO plugin. -->","yoast_head_json":{"title":"Suscripciones - Bible Advocate","robots":{"index":"index","follow":"follow","max-snippet":"max-snippet:-1","max-image-preview":"max-image-preview:large","max-video-preview":"max-video-preview:-1"},"canonical":"https:\/\/baonline.artiosmagazine.org\/es\/suscripciones\/","og_locale":"es_ES","og_type":"article","og_title":"Suscripciones - Bible Advocate","og_description":"Maneja Tu Suscripci\u00f3n Administra tu suscripci\u00f3n al Abogado De La Biblia usando nuestro men\u00fa en l\u00ednea. Simplemente selecciona una de las siguientes opciones: suscribirse para recibir nuevos art\u00edculos, cambiar su direcci\u00f3n o cancelar tu suscripci\u00f3n. Las suscripciones al AB son gratuitas. Comience hoy para garantizar tu suscripci\u00f3n al Abogado De La Biblia. \u00bfQu\u00e9 te gustar\u00eda [&hellip;]","og_url":"https:\/\/baonline.artiosmagazine.org\/es\/suscripciones\/","og_site_name":"Bible Advocate","article_modified_time":"2024-07-24T18:56:53+00:00","og_image":[{"url":"https:\/\/baonline.cog7engage.net\/wp-content\/uploads\/sites\/13\/2021\/08\/November-December21-E.jpg","type":"","width":"","height":""}],"twitter_card":"summary_large_image","schema":{"@context":"https:\/\/schema.org","@graph":[{"@type":"WebPage","@id":"https:\/\/baonline.artiosmagazine.org\/es\/suscripciones\/","url":"https:\/\/baonline.artiosmagazine.org\/es\/suscripciones\/","name":"Suscripciones - Bible Advocate","isPartOf":{"@id":"https:\/\/baonline.artiosmagazine.org\/es\/#website"},"datePublished":"2017-06-08T15:47:52+00:00","dateModified":"2024-07-24T18:56:53+00:00","breadcrumb":{"@id":"https:\/\/baonline.artiosmagazine.org\/es\/suscripciones\/#breadcrumb"},"inLanguage":"es-ES","potentialAction":[{"@type":"ReadAction","target":["https:\/\/baonline.artiosmagazine.org\/es\/suscripciones\/"]}]},{"@type":"BreadcrumbList","@id":"https:\/\/baonline.artiosmagazine.org\/es\/suscripciones\/#breadcrumb","itemListElement":[{"@type":"ListItem","position":1,"name":"Home","item":"https:\/\/baonline.artiosmagazine.org\/es\/"},{"@type":"ListItem","position":2,"name":"Suscripciones"}]},{"@type":"WebSite","@id":"https:\/\/baonline.artiosmagazine.org\/es\/#website","url":"https:\/\/baonline.artiosmagazine.org\/es\/","name":"Bible Advocate","description":"Advocating the Bible, representing the Church, and glorifying the God of grace and truth","publisher":{"@id":"https:\/\/baonline.artiosmagazine.org\/es\/#organization"},"potentialAction":[{"@type":"SearchAction","target":{"@type":"EntryPoint","urlTemplate":"https:\/\/baonline.artiosmagazine.org\/es\/?s={search_term_string}"},"query-input":{"@type":"PropertyValueSpecification","valueRequired":true,"valueName":"search_term_string"}}],"inLanguage":"es-ES"},{"@type":"Organization","@id":"https:\/\/baonline.artiosmagazine.org\/es\/#organization","name":"Bible Advocate","url":"https:\/\/baonline.artiosmagazine.org\/es\/","logo":{"@type":"ImageObject","inLanguage":"es-ES","@id":"https:\/\/baonline.artiosmagazine.org\/es\/#\/schema\/logo\/image\/","url":"https:\/\/baonline.artiosmagazine.org\/wp-content\/uploads\/sites\/13\/2024\/05\/cropped-BA-Online-Logo-1-3.jpg","contentUrl":"https:\/\/baonline.artiosmagazine.org\/wp-content\/uploads\/sites\/13\/2024\/05\/cropped-BA-Online-Logo-1-3.jpg","width":380,"height":80,"caption":"Bible Advocate"},"image":{"@id":"https:\/\/baonline.artiosmagazine.org\/es\/#\/schema\/logo\/image\/"}}]}},"_links":{"self":[{"href":"https:\/\/baonline.artiosmagazine.org\/es\/wp-json\/wp\/v2\/pages\/34057","targetHints":{"allow":["GET"]}}],"collection":[{"href":"https:\/\/baonline.artiosmagazine.org\/es\/wp-json\/wp\/v2\/pages"}],"about":[{"href":"https:\/\/baonline.artiosmagazine.org\/es\/wp-json\/wp\/v2\/types\/page"}],"author":[{"embeddable":true,"href":"https:\/\/baonline.artiosmagazine.org\/es\/wp-json\/wp\/v2\/users\/18"}],"replies":[{"embeddable":true,"href":"https:\/\/baonline.artiosmagazine.org\/es\/wp-json\/wp\/v2\/comments?post=34057"}],"version-history":[{"count":39,"href":"https:\/\/baonline.artiosmagazine.org\/es\/wp-json\/wp\/v2\/pages\/34057\/revisions"}],"predecessor-version":[{"id":34532,"href":"https:\/\/baonline.artiosmagazine.org\/es\/wp-json\/wp\/v2\/pages\/34057\/revisions\/34532"}],"wp:attachment":[{"href":"https:\/\/baonline.artiosmagazine.org\/es\/wp-json\/wp\/v2\/media?parent=34057"}],"curies":[{"name":"wp","href":"https:\/\/api.w.org\/{rel}","templated":true}]}}