{"id":33590,"date":"2016-02-26T10:29:55","date_gmt":"2016-02-26T17:29:55","guid":{"rendered":"https:\/\/baonline.cog7engage.net\/contacto\/"},"modified":"2024-07-24T13:25:20","modified_gmt":"2024-07-24T19:25:20","slug":"contacto","status":"publish","type":"page","link":"https:\/\/baonline.artiosmagazine.org\/es\/contacto\/","title":{"rendered":"CONTACTO"},"content":{"rendered":"\n<div style=\"height:26px\" aria-hidden=\"true\" class=\"wp-block-spacer\"><\/div>\n\n\n\n<h1 >Cont\u00e1ctenos<\/h1>\n\n\n\n<div class=\"wp-block-columns is-layout-flex wp-container-core-columns-is-layout-9d6595d7 wp-block-columns-is-layout-flex\">\n<div class=\"wp-block-column is-layout-flow wp-block-column-is-layout-flow\">\n<!-- Include Font Awesome icons -->\n<link rel=\"stylesheet\" href=\"https:\/\/cdnjs.cloudflare.com\/ajax\/libs\/font-awesome\/5.15.4\/css\/all.min.css\"\/>\n\n<style>\n    .address-container {\n        display: flex;\n        flex-direction: column;\n        align-items: flex-start;\n        margin-bottom: 20px;\n    }\n\n    .address-icon {\n        font-size: 20px;\n        margin-bottom: 10px; \/* Space between icon and text *\/\n    }\n\n    .address-text {\n        font-size: 16px;\n        text-align: left;\n    }\n<\/style>\n\n<!-- Address information with icon above the text -->\n<div class=\"address-container\">\n    <div class=\"address-icon\">\n        <i class=\"fas fa-map-marker-alt\"><\/i>\n    <\/div>\n    <div class=\"address-text\">\n        <span>Abogado De La Biblia<\/span><br\/>\n        <span>P.O. Box 33677<\/span><br\/>\n        <span>Denver, CO 80233<\/span>\n    <\/div>\n<\/div>\n<\/div>\n\n\n\n<div class=\"wp-block-column is-layout-flow wp-block-column-is-layout-flow\">\n<!-- Include Font Awesome icons -->\n<link rel=\"stylesheet\" href=\"https:\/\/cdnjs.cloudflare.com\/ajax\/libs\/font-awesome\/5.15.4\/css\/all.min.css\"\/>\n\n<style>\n    .phone-container {\n        display: flex;\n        flex-direction: column;\n        align-items: flex-start;\n        margin-bottom: 20px;\n    }\n\n    .phone-icon {\n        font-size: 20px;\n        margin-bottom: 10px; \/* Space between icon and text *\/\n    }\n\n    .phone-text {\n        font-size: 16px;\n        text-align: left;\n    }\n\n    .phone-link {\n        color: inherit;\n        text-decoration: none;\n    }\n\n    .phone-link:hover {\n        text-decoration: underline;\n    }\n<\/style>\n\n<!-- Phone information with clickable icon above the text -->\n<div class=\"phone-container\">\n    <a href=\"tel:303-452-7973\" class=\"phone-link\">\n        <div class=\"phone-icon\">\n            <i class=\"fas fa-phone-alt\"><\/i>\n        <\/div>\n    <\/a>\n    <div class=\"phone-text\">\n        <span>303-452-7973<\/span>\n    <\/div>\n<\/div>\n<\/div>\n\n\n\n<div class=\"wp-block-column is-layout-flow wp-block-column-is-layout-flow\">\n<!-- Include Font Awesome icons -->\n<link rel=\"stylesheet\" href=\"https:\/\/cdnjs.cloudflare.com\/ajax\/libs\/font-awesome\/5.15.4\/css\/all.min.css\"\/>\n\n<style>\n    .email-container {\n        display: flex;\n        flex-direction: column;\n        align-items: flex-start;\n        margin-bottom: 20px;\n    }\n\n    .email-icon {\n        font-size: 20px;\n        margin-bottom: 10px; \/* Space between icon and text *\/\n    }\n\n    .email-text {\n        font-size: 16px;\n        text-align: left;\n    }\n\n    .email-link {\n        color: inherit;\n        text-decoration: none;\n    }\n\n    .email-link:hover {\n        text-decoration: underline;\n    }\n<\/style>\n\n<!-- Email information with clickable icon above the text -->\n<div class=\"email-container\">\n    <a href=\"mailto:BIBLEADVOCATE@COG7.ORG\" class=\"email-link\">\n        <div class=\"email-icon\">\n            <i class=\"fas fa-envelope\"><\/i>\n        <\/div>\n    <\/a>\n    <div class=\"email-text\">\n        <span>BIBLEADVOCATE@COG7.ORG<\/span>\n    <\/div>\n<\/div>\n<\/div>\n<\/div>\n\n\n\n<div style=\"height:20px\" aria-hidden=\"true\" class=\"wp-block-spacer\"><\/div>\n\n\n\n<!-- Include the Roboto font from Google Fonts -->\n<link href=\"https:\/\/fonts.googleapis.com\/css2?family=Roboto:wght@400;700&#038;display=swap\" rel=\"stylesheet\">\n\n\n<div style=\"font-size: 16px; font-family: 'Roboto', sans-serif;\">\n    <p style=\"font-size: 1.2em; margin-bottom: 14px;\">\n        Nos gusta saber de nuestros lectores. \u00a1Env\u00edanos una nota!\n    <\/p>  \n    <form\n        action=\"https:\/\/formspree.io\/f\/xgvworyb\"\n        method=\"POST\"\n        id=\"contactForm\"\n        style=\"font-size: 16px; font-family: 'Roboto', sans-serif;\"\n    >\n        <div style=\"display: flex; gap: 20px; margin-bottom: 20px;\">\n            <label style=\"flex: 1; display: block;\">\n                Primer Nombre\n                <input type=\"text\" name=\"First Name\" required style=\"width: 100%; padding: 10px; margin-top: 5px; border: 1px solid #ccc; border-radius: 4px;\">\n            <\/label>\n            <label style=\"flex: 1; display: block;\">\n                Apellido\n                <input type=\"text\" name=\"Last Name\" required style=\"width: 100%; padding: 10px; margin-top: 5px; border: 1px solid #ccc; border-radius: 4px;\">\n            <\/label>\n        <\/div>\n        <label style=\"display: block; margin-bottom: 20px;\">\n            Tu Correo Electr\u00f3nico\n            <input type=\"email\" name=\"Email\" required style=\"width: 100%; padding: 10px; margin-top: 5px; border: 1px solid #ccc; border-radius: 4px;\">\n        <\/label>\n        <label style=\"display: block; margin-bottom: 20px;\">\n            Tu mensaje:\n            <textarea name=\"Message\" required style=\"width: 100%; padding: 10px; margin-top: 5px; border: 1px solid #ccc; border-radius: 4px;\"><\/textarea>\n        <\/label>\n        <input type=\"hidden\" name=\"g-recaptcha-response\" id=\"g-recaptcha-response\">\n\n        <!-- reCAPTCHA badge -->\n        <div id=\"recaptcha-badge\" style=\"text-align: center; margin-bottom: 20px; font-size: 16px;\">\n            Este sitio est\u00e1 protegido por reCAPTCHA y se aplican la\n            <a href=\"https:\/\/policies.google.com\/privacy\" style=\"color: blue;\">Pol\u00edtica de Privacidad<\/a> y los\n            <a href=\"https:\/\/policies.google.com\/terms\" style=\"color: blue;\">T\u00e9rminos del Servicio<\/a> de Google.\n        <\/div>\n\n        <button type=\"submit\" style=\"padding: 10px 20px; background-color: #007BFF; color: white; border: none; border-radius: 4px; cursor: pointer; font-size: 16px;\">\n            Enviar\n        <\/button>\n    <\/form>\n<\/div>\n\n<!-- Include the reCAPTCHA script with the Spanish language parameter -->\n<script src=\"https:\/\/www.google.com\/recaptcha\/api.js?render=6Lf61BYqAAAAAFcg4V9Q_HDcEdB1NistQzfM68of&#038;hl=es\" async defer><\/script>\n<script>\n  document.getElementById(\"contactForm\").addEventListener(\"submit\", function(event) {\n    event.preventDefault(); \/\/ Prevent the form from submitting immediately\n    console.log(\"Form submission prevented, executing reCAPTCHA...\");\n\n    grecaptcha.ready(function() {\n      console.log(\"reCAPTCHA is ready, executing...\");\n      grecaptcha.execute(\"6Lf61BYqAAAAAFcg4V9Q_HDcEdB1NistQzfM68of\", {action: \"submit\"}).then(function(token) {\n        console.log(\"reCAPTCHA token received:\", token);\n        document.getElementById(\"g-recaptcha-response\").value = token;\n        console.log(\"reCAPTCHA token set, submitting form...\");\n        document.getElementById(\"contactForm\").submit(); \/\/ Submit the form after the token is set\n      }).catch(function(error) {\n        console.error(\"reCAPTCHA execution error:\", error);\n      });\n    });\n  });\n<\/script>\n\n<style>\n  .grecaptcha-badge {\n    visibility: hidden;\n  }\n  #recaptcha-badge a {\n    color: blue;\n  }\n  form, form * {\n    font-size: 16px;\n    font-family: 'Roboto', sans-serif;\n  }\n  select, input[type=\"text\"], input[type=\"email\"], textarea {\n    border: 1px solid #ccc; \/* Matching border color *\/\n    padding: 8px; \/* Adjust padding for consistency *\/\n    font-size: 16px;\n    font-family: 'Roboto', sans-serif;\n  }\n  select {\n    width: 100%; \/* Ensure the width matches other fields *\/\n  }\n<\/style>\n","protected":false},"excerpt":{"rendered":"<p>Cont\u00e1ctenos Abogado De La Biblia P.O. Box 33677 Denver, CO 80233 303-452-7973 BIBLEADVOCATE@COG7.ORG Nos gusta saber de nuestros lectores. \u00a1Env\u00edanos una nota! Primer Nombre Apellido Tu Correo Electr\u00f3nico Tu mensaje: Este sitio est\u00e1 protegido por reCAPTCHA y se aplican la Pol\u00edtica de Privacidad y los T\u00e9rminos del Servicio de Google. Enviar<\/p>\n","protected":false},"author":18,"featured_media":0,"parent":0,"menu_order":0,"comment_status":"closed","ping_status":"closed","template":"","meta":{"sync_status":"","episode_type":"","audio_file":"","castos_file_data":"","podmotor_file_id":"","cover_image":"","cover_image_id":"","duration":"","filesize":"","filesize_raw":"","date_recorded":"","explicit":"","block":"","itunes_episode_number":"","itunes_title":"","itunes_season_number":"","itunes_episode_type":"","footnotes":""},"class_list":["post-33590","page","type-page","status-publish","hentry"],"yoast_head":"<!-- This site is optimized with the Yoast SEO plugin v26.8 - https:\/\/yoast.com\/product\/yoast-seo-wordpress\/ -->\n<title>CONTACTO - Bible Advocate<\/title>\n<meta name=\"robots\" content=\"index, follow, max-snippet:-1, max-image-preview:large, max-video-preview:-1\" \/>\n<link rel=\"canonical\" href=\"https:\/\/baonline.artiosmagazine.org\/es\/contacto\/\" \/>\n<meta property=\"og:locale\" content=\"es_ES\" \/>\n<meta property=\"og:type\" content=\"article\" \/>\n<meta property=\"og:title\" content=\"CONTACTO - Bible Advocate\" \/>\n<meta property=\"og:description\" content=\"Cont\u00e1ctenos Abogado De La Biblia P.O. Box 33677 Denver, CO 80233 303-452-7973 BIBLEADVOCATE@COG7.ORG Nos gusta saber de nuestros lectores. \u00a1Env\u00edanos una nota! Primer Nombre Apellido Tu Correo Electr\u00f3nico Tu mensaje: Este sitio est\u00e1 protegido por reCAPTCHA y se aplican la Pol\u00edtica de Privacidad y los T\u00e9rminos del Servicio de Google. Enviar\" \/>\n<meta property=\"og:url\" content=\"https:\/\/baonline.artiosmagazine.org\/es\/contacto\/\" \/>\n<meta property=\"og:site_name\" content=\"Bible Advocate\" \/>\n<meta property=\"article:modified_time\" content=\"2024-07-24T19:25:20+00:00\" \/>\n<meta name=\"twitter:card\" content=\"summary_large_image\" \/>\n<meta name=\"twitter:label1\" content=\"Est. reading time\" \/>\n\t<meta name=\"twitter:data1\" content=\"1 minute\" \/>\n<script type=\"application\/ld+json\" class=\"yoast-schema-graph\">{\"@context\":\"https:\/\/schema.org\",\"@graph\":[{\"@type\":\"WebPage\",\"@id\":\"https:\/\/baonline.artiosmagazine.org\/es\/contacto\/\",\"url\":\"https:\/\/baonline.artiosmagazine.org\/es\/contacto\/\",\"name\":\"CONTACTO - Bible Advocate\",\"isPartOf\":{\"@id\":\"https:\/\/baonline.artiosmagazine.org\/es\/#website\"},\"datePublished\":\"2016-02-26T17:29:55+00:00\",\"dateModified\":\"2024-07-24T19:25:20+00:00\",\"breadcrumb\":{\"@id\":\"https:\/\/baonline.artiosmagazine.org\/es\/contacto\/#breadcrumb\"},\"inLanguage\":\"es-ES\",\"potentialAction\":[{\"@type\":\"ReadAction\",\"target\":[\"https:\/\/baonline.artiosmagazine.org\/es\/contacto\/\"]}]},{\"@type\":\"BreadcrumbList\",\"@id\":\"https:\/\/baonline.artiosmagazine.org\/es\/contacto\/#breadcrumb\",\"itemListElement\":[{\"@type\":\"ListItem\",\"position\":1,\"name\":\"Home\",\"item\":\"https:\/\/baonline.artiosmagazine.org\/es\/\"},{\"@type\":\"ListItem\",\"position\":2,\"name\":\"CONTACTO\"}]},{\"@type\":\"WebSite\",\"@id\":\"https:\/\/baonline.artiosmagazine.org\/es\/#website\",\"url\":\"https:\/\/baonline.artiosmagazine.org\/es\/\",\"name\":\"Bible Advocate\",\"description\":\"Advocating the Bible, representing the Church, and glorifying the God of grace and truth\",\"publisher\":{\"@id\":\"https:\/\/baonline.artiosmagazine.org\/es\/#organization\"},\"potentialAction\":[{\"@type\":\"SearchAction\",\"target\":{\"@type\":\"EntryPoint\",\"urlTemplate\":\"https:\/\/baonline.artiosmagazine.org\/es\/?s={search_term_string}\"},\"query-input\":{\"@type\":\"PropertyValueSpecification\",\"valueRequired\":true,\"valueName\":\"search_term_string\"}}],\"inLanguage\":\"es-ES\"},{\"@type\":\"Organization\",\"@id\":\"https:\/\/baonline.artiosmagazine.org\/es\/#organization\",\"name\":\"Bible Advocate\",\"url\":\"https:\/\/baonline.artiosmagazine.org\/es\/\",\"logo\":{\"@type\":\"ImageObject\",\"inLanguage\":\"es-ES\",\"@id\":\"https:\/\/baonline.artiosmagazine.org\/es\/#\/schema\/logo\/image\/\",\"url\":\"https:\/\/baonline.artiosmagazine.org\/wp-content\/uploads\/sites\/13\/2024\/05\/cropped-BA-Online-Logo-1-3.jpg\",\"contentUrl\":\"https:\/\/baonline.artiosmagazine.org\/wp-content\/uploads\/sites\/13\/2024\/05\/cropped-BA-Online-Logo-1-3.jpg\",\"width\":380,\"height\":80,\"caption\":\"Bible Advocate\"},\"image\":{\"@id\":\"https:\/\/baonline.artiosmagazine.org\/es\/#\/schema\/logo\/image\/\"}}]}<\/script>\n<!-- \/ Yoast SEO plugin. -->","yoast_head_json":{"title":"CONTACTO - Bible Advocate","robots":{"index":"index","follow":"follow","max-snippet":"max-snippet:-1","max-image-preview":"max-image-preview:large","max-video-preview":"max-video-preview:-1"},"canonical":"https:\/\/baonline.artiosmagazine.org\/es\/contacto\/","og_locale":"es_ES","og_type":"article","og_title":"CONTACTO - Bible Advocate","og_description":"Cont\u00e1ctenos Abogado De La Biblia P.O. Box 33677 Denver, CO 80233 303-452-7973 BIBLEADVOCATE@COG7.ORG Nos gusta saber de nuestros lectores. \u00a1Env\u00edanos una nota! Primer Nombre Apellido Tu Correo Electr\u00f3nico Tu mensaje: Este sitio est\u00e1 protegido por reCAPTCHA y se aplican la Pol\u00edtica de Privacidad y los T\u00e9rminos del Servicio de Google. Enviar","og_url":"https:\/\/baonline.artiosmagazine.org\/es\/contacto\/","og_site_name":"Bible Advocate","article_modified_time":"2024-07-24T19:25:20+00:00","twitter_card":"summary_large_image","twitter_misc":{"Est. reading time":"1 minute"},"schema":{"@context":"https:\/\/schema.org","@graph":[{"@type":"WebPage","@id":"https:\/\/baonline.artiosmagazine.org\/es\/contacto\/","url":"https:\/\/baonline.artiosmagazine.org\/es\/contacto\/","name":"CONTACTO - Bible Advocate","isPartOf":{"@id":"https:\/\/baonline.artiosmagazine.org\/es\/#website"},"datePublished":"2016-02-26T17:29:55+00:00","dateModified":"2024-07-24T19:25:20+00:00","breadcrumb":{"@id":"https:\/\/baonline.artiosmagazine.org\/es\/contacto\/#breadcrumb"},"inLanguage":"es-ES","potentialAction":[{"@type":"ReadAction","target":["https:\/\/baonline.artiosmagazine.org\/es\/contacto\/"]}]},{"@type":"BreadcrumbList","@id":"https:\/\/baonline.artiosmagazine.org\/es\/contacto\/#breadcrumb","itemListElement":[{"@type":"ListItem","position":1,"name":"Home","item":"https:\/\/baonline.artiosmagazine.org\/es\/"},{"@type":"ListItem","position":2,"name":"CONTACTO"}]},{"@type":"WebSite","@id":"https:\/\/baonline.artiosmagazine.org\/es\/#website","url":"https:\/\/baonline.artiosmagazine.org\/es\/","name":"Bible Advocate","description":"Advocating the Bible, representing the Church, and glorifying the God of grace and truth","publisher":{"@id":"https:\/\/baonline.artiosmagazine.org\/es\/#organization"},"potentialAction":[{"@type":"SearchAction","target":{"@type":"EntryPoint","urlTemplate":"https:\/\/baonline.artiosmagazine.org\/es\/?s={search_term_string}"},"query-input":{"@type":"PropertyValueSpecification","valueRequired":true,"valueName":"search_term_string"}}],"inLanguage":"es-ES"},{"@type":"Organization","@id":"https:\/\/baonline.artiosmagazine.org\/es\/#organization","name":"Bible Advocate","url":"https:\/\/baonline.artiosmagazine.org\/es\/","logo":{"@type":"ImageObject","inLanguage":"es-ES","@id":"https:\/\/baonline.artiosmagazine.org\/es\/#\/schema\/logo\/image\/","url":"https:\/\/baonline.artiosmagazine.org\/wp-content\/uploads\/sites\/13\/2024\/05\/cropped-BA-Online-Logo-1-3.jpg","contentUrl":"https:\/\/baonline.artiosmagazine.org\/wp-content\/uploads\/sites\/13\/2024\/05\/cropped-BA-Online-Logo-1-3.jpg","width":380,"height":80,"caption":"Bible Advocate"},"image":{"@id":"https:\/\/baonline.artiosmagazine.org\/es\/#\/schema\/logo\/image\/"}}]}},"_links":{"self":[{"href":"https:\/\/baonline.artiosmagazine.org\/es\/wp-json\/wp\/v2\/pages\/33590","targetHints":{"allow":["GET"]}}],"collection":[{"href":"https:\/\/baonline.artiosmagazine.org\/es\/wp-json\/wp\/v2\/pages"}],"about":[{"href":"https:\/\/baonline.artiosmagazine.org\/es\/wp-json\/wp\/v2\/types\/page"}],"author":[{"embeddable":true,"href":"https:\/\/baonline.artiosmagazine.org\/es\/wp-json\/wp\/v2\/users\/18"}],"replies":[{"embeddable":true,"href":"https:\/\/baonline.artiosmagazine.org\/es\/wp-json\/wp\/v2\/comments?post=33590"}],"version-history":[{"count":10,"href":"https:\/\/baonline.artiosmagazine.org\/es\/wp-json\/wp\/v2\/pages\/33590\/revisions"}],"predecessor-version":[{"id":34537,"href":"https:\/\/baonline.artiosmagazine.org\/es\/wp-json\/wp\/v2\/pages\/33590\/revisions\/34537"}],"wp:attachment":[{"href":"https:\/\/baonline.artiosmagazine.org\/es\/wp-json\/wp\/v2\/media?parent=33590"}],"curies":[{"name":"wp","href":"https:\/\/api.w.org\/{rel}","templated":true}]}}