{"id":33575,"date":"2020-08-06T12:00:11","date_gmt":"2020-08-06T18:00:11","guid":{"rendered":"https:\/\/baonline.cog7engage.net\/escribe-para-nosotros\/"},"modified":"2024-07-22T21:02:32","modified_gmt":"2024-07-23T03:02:32","slug":"escribe-para-nosotros","status":"publish","type":"page","link":"https:\/\/baonline.artiosmagazine.org\/es\/escribe-para-nosotros\/","title":{"rendered":"Escribe para Nosotros"},"content":{"rendered":"\n<h1 class=\"wp-block-heading\">Escribiendo para Abogado de la Biblia<\/h1>\n\n\n\n<p>Gracias por considerar escribir con nosotros por el bien de la gracia y la verdad de Cristo. El AB agradece sus oraciones, su apoyo y sus contribuciones. Por favor, revise nuestras Gu\u00edas para Escritores y no dude en contactarnos con preguntas o ideas a <a href=\"mailto:bibleadvocate@cog7.org\" target=\"_blank\" rel=\"noopener noreferrer\">bibleadvocate@cog7.org<\/a>.<\/p>\n\n\n\n<hr class=\"wp-block-separator has-alpha-channel-opacity\"\/>\n\n\n\n<h2 class=\"wp-block-heading\"><a href=\"\/wp-content\/uploads\/sites\/13\/2019\/12\/Writers-Guidelines-FL-12-2019.pdf\">Gu\u00edas para Escritores<\/a><\/h2>\n\n\n\n<p>Al publicarse, Abogado de la Biblia Press paga un honorario de $25 por p\u00e1gina publicada, hasta $65. Poes\u00eda<br>y los rellenos pagan $20. El equipo editorial da la bienvenida a consultas sobre c\u00f3mo escribir buenos art\u00edculos: seleccionar temas, desarrollar ideas, superar obst\u00e1culos, etc. Para obtener m\u00e1s informaci\u00f3n sobre lo que buscamos en las propuestas, por favor revise nuestras <a href=\"\/wp-content\/uploads\/sites\/13\/2023\/03\/Writers-Guidelines-2019-FL.pdf\" target=\"_blank\" rel=\"noreferrer noopener\">gu\u00edas para escritores.<\/a><\/p>\n\n\n\n<hr class=\"wp-block-separator has-alpha-channel-opacity\"\/>\n\n\n\n<style>\n    .highlight-red {\n        color: red;\n    }\n    .center-text {\n        text-align: center;\n    }\n    .blue-text {\n        color: blue;\n        text-decoration: none;\n    }\n<\/style>\n\n<div>\n    <h2 class=\"center-text\">Tema del Abogado de la Biblia 2025:<\/h2>\n    <p class=\"center-text\"><strong>\u201cGente del Reino\u201d<\/strong><\/p>\n    <p class=\"center-text\">\u201cMas buscad primeramente el reino de Dios y su justicia.\u201d<\/p>\n    <p class=\"center-text\"><strong>Vers\u00edculos Clave:<\/strong> Mateo 6:33; 13:38; 1 Pedro 2:9-12; Filipenses 2:12-16<\/p>\n    \n    <p>\u00bfC\u00f3mo se ve la gente del reino y c\u00f3mo se relacionan e interact\u00faan con los reinos de este mundo? Este a\u00f1o, examinaremos seis disposiciones del reino que nos diferencian del mundo, pero para el mundo. Estas caracter\u00edsticas fundamentales son esenciales para nosotros porque se encuentran en y fluyen del propio car\u00e1cter y persona del Rey Jes\u00fas. Tambi\u00e9n deber\u00edan definir a Sus seguidores.<\/p>\n    \n    <p>\u00danase a nosotros en nuestro viaje para comprender lo que significa ser hijos del Rey en el mundo de hoy. Env\u00ede sus art\u00edculos a <a href=\"mailto:bibleadvocate@cog7.org\" class=\"blue-text\">bibleadvocate@cog7.org<\/a>. <span class=\"highlight-red\">Aseg\u00farese de leer nuestras directrices para escritores en baonline.org (Acerca de\/Escribe Para Nosotros) antes de enviar.<\/span><\/p>\n    \n<h3>Ediciones y Fechas L\u00edmite del Abogado de la Biblia 2025 <a href=\"\/Issues\/Writers_Guideline\/2025%20Themes-Freelance.pdf\" class=\"blue-text\">PDF<\/a>:<\/h3>\n\n\n    <p><strong>Enero-Febrero: Humildad del Reino<\/strong><br>\n    confesi\u00f3n, arrepentimiento, pobres en esp\u00edritu, mansos, humildes<br>\n    Jes\u00fas: Mateo 11:29 \/ Disc\u00edpulos: Mateo 5:1-5; 18:3, 4<br>\n    <span class=\"highlight-red\">Fecha l\u00edmite de env\u00edo: 1 de octubre de 2024<\/span><\/p>\n\n    <p><strong>Marzo-Abril: Servicio del Reino<\/strong><br>\n    el llamado, seguir, disponible, comprometido, alerta, trabajo<br>\n    Jes\u00fas: Lucas 22:24-27 \/ Disc\u00edpulos: Juan 12:26; Lucas 16:13<br>\n    <span class=\"highlight-red\">Fecha l\u00edmite de env\u00edo: 2 de diciembre de 2024<\/span><\/p>\n\n    <p><strong>Mayo-Junio: Misericordia del Reino<\/strong><br>\n    buenas nuevas, perd\u00f3n, libertad, sanidad, cambio<br>\n    Jes\u00fas: Mateo 9:13, 27; 12:7 \/ Disc\u00edpulos: Mateo 5:7; Lucas 10:37<br>\n    <span class=\"highlight-red\">Fecha l\u00edmite de env\u00edo: 3 de febrero de 2025<\/span><\/p>\n\n    <p><strong>Julio-Agosto: Sabidur\u00eda del Reino<\/strong><br>\n    verdad, ense\u00f1anza, discernimiento, decisiones, probando los esp\u00edritus<br>\n    Jes\u00fas: Marcos 6:2; Lucas 2:52 \/ Disc\u00edpulos: Mateo 7:24; 10:16; 25:1-4<br>\n    <span class=\"highlight-red\">Fecha l\u00edmite de env\u00edo: 1 de abril de 2025<\/span><\/p>\n\n    <p><strong>Septiembre-Octubre: Paciencia del Reino<\/strong><br>\n    perseverancia, convicci\u00f3n, valor, esperanza en pruebas, paz<br>\n    Jes\u00fas: Marcos 14:60-62; 15:3-5 \/ Disc\u00edpulos: Lucas 8:15; 21:19<br>\n    <span class=\"highlight-red\">Fecha l\u00edmite de env\u00edo: 2 de junio de 2025<\/span><\/p>\n\n    <p><strong>Noviembre-Diciembre: Fidelidad del Reino<\/strong><br>\n    llevando la cruz, obedeciendo, confiando, \u201cTu voluntad\u201d<br>\n    Jes\u00fas: Lucas 22:42; Juan 5:19 \/ Disc\u00edpulos: Marcos 8:34; Mateo 25:21-23<br>\n    <span class=\"highlight-red\">Fecha l\u00edmite de env\u00edo: 1 de agosto de 2025<\/span><\/p>\n<\/div>\n","protected":false},"excerpt":{"rendered":"<p>Escribiendo para Abogado de la Biblia Gracias por considerar escribir con nosotros por el bien de la gracia y la verdad de Cristo. El AB agradece sus oraciones, su apoyo y sus contribuciones. Por favor, revise nuestras Gu\u00edas para Escritores y no dude en contactarnos con preguntas o ideas a bibleadvocate@cog7.org. Gu\u00edas para Escritores Al [&hellip;]<\/p>\n","protected":false},"author":236,"featured_media":0,"parent":0,"menu_order":0,"comment_status":"closed","ping_status":"closed","template":"","meta":{"sync_status":"","episode_type":"","audio_file":"","castos_file_data":"","podmotor_file_id":"","cover_image":"","cover_image_id":"","duration":"","filesize":"","filesize_raw":"","date_recorded":"","explicit":"","block":"","itunes_episode_number":"","itunes_title":"","itunes_season_number":"","itunes_episode_type":"","footnotes":""},"class_list":["post-33575","page","type-page","status-publish","hentry"],"yoast_head":"<!-- This site is optimized with the Yoast SEO plugin v26.8 - https:\/\/yoast.com\/product\/yoast-seo-wordpress\/ -->\n<title>Escribe para Nosotros - Bible Advocate<\/title>\n<meta name=\"robots\" content=\"index, follow, max-snippet:-1, max-image-preview:large, max-video-preview:-1\" \/>\n<link rel=\"canonical\" href=\"https:\/\/baonline.artiosmagazine.org\/es\/escribe-para-nosotros\/\" \/>\n<meta property=\"og:locale\" content=\"es_ES\" \/>\n<meta property=\"og:type\" content=\"article\" \/>\n<meta property=\"og:title\" content=\"Escribe para Nosotros - Bible Advocate\" \/>\n<meta property=\"og:description\" content=\"Escribiendo para Abogado de la Biblia Gracias por considerar escribir con nosotros por el bien de la gracia y la verdad de Cristo. El AB agradece sus oraciones, su apoyo y sus contribuciones. Por favor, revise nuestras Gu\u00edas para Escritores y no dude en contactarnos con preguntas o ideas a bibleadvocate@cog7.org. Gu\u00edas para Escritores Al [&hellip;]\" \/>\n<meta property=\"og:url\" content=\"https:\/\/baonline.artiosmagazine.org\/es\/escribe-para-nosotros\/\" \/>\n<meta property=\"og:site_name\" content=\"Bible Advocate\" \/>\n<meta property=\"article:modified_time\" content=\"2024-07-23T03:02:32+00:00\" \/>\n<meta name=\"twitter:card\" content=\"summary_large_image\" \/>\n<meta name=\"twitter:label1\" content=\"Est. reading time\" \/>\n\t<meta name=\"twitter:data1\" content=\"2 minutes\" \/>\n<script type=\"application\/ld+json\" class=\"yoast-schema-graph\">{\"@context\":\"https:\/\/schema.org\",\"@graph\":[{\"@type\":\"WebPage\",\"@id\":\"https:\/\/baonline.artiosmagazine.org\/es\/escribe-para-nosotros\/\",\"url\":\"https:\/\/baonline.artiosmagazine.org\/es\/escribe-para-nosotros\/\",\"name\":\"Escribe para Nosotros - Bible Advocate\",\"isPartOf\":{\"@id\":\"https:\/\/baonline.artiosmagazine.org\/es\/#website\"},\"datePublished\":\"2020-08-06T18:00:11+00:00\",\"dateModified\":\"2024-07-23T03:02:32+00:00\",\"breadcrumb\":{\"@id\":\"https:\/\/baonline.artiosmagazine.org\/es\/escribe-para-nosotros\/#breadcrumb\"},\"inLanguage\":\"es-ES\",\"potentialAction\":[{\"@type\":\"ReadAction\",\"target\":[\"https:\/\/baonline.artiosmagazine.org\/es\/escribe-para-nosotros\/\"]}]},{\"@type\":\"BreadcrumbList\",\"@id\":\"https:\/\/baonline.artiosmagazine.org\/es\/escribe-para-nosotros\/#breadcrumb\",\"itemListElement\":[{\"@type\":\"ListItem\",\"position\":1,\"name\":\"Home\",\"item\":\"https:\/\/baonline.artiosmagazine.org\/es\/\"},{\"@type\":\"ListItem\",\"position\":2,\"name\":\"Escribe para Nosotros\"}]},{\"@type\":\"WebSite\",\"@id\":\"https:\/\/baonline.artiosmagazine.org\/es\/#website\",\"url\":\"https:\/\/baonline.artiosmagazine.org\/es\/\",\"name\":\"Bible Advocate\",\"description\":\"Advocating the Bible, representing the Church, and glorifying the God of grace and truth\",\"publisher\":{\"@id\":\"https:\/\/baonline.artiosmagazine.org\/es\/#organization\"},\"potentialAction\":[{\"@type\":\"SearchAction\",\"target\":{\"@type\":\"EntryPoint\",\"urlTemplate\":\"https:\/\/baonline.artiosmagazine.org\/es\/?s={search_term_string}\"},\"query-input\":{\"@type\":\"PropertyValueSpecification\",\"valueRequired\":true,\"valueName\":\"search_term_string\"}}],\"inLanguage\":\"es-ES\"},{\"@type\":\"Organization\",\"@id\":\"https:\/\/baonline.artiosmagazine.org\/es\/#organization\",\"name\":\"Bible Advocate\",\"url\":\"https:\/\/baonline.artiosmagazine.org\/es\/\",\"logo\":{\"@type\":\"ImageObject\",\"inLanguage\":\"es-ES\",\"@id\":\"https:\/\/baonline.artiosmagazine.org\/es\/#\/schema\/logo\/image\/\",\"url\":\"https:\/\/baonline.artiosmagazine.org\/wp-content\/uploads\/sites\/13\/2024\/05\/cropped-BA-Online-Logo-1-3.jpg\",\"contentUrl\":\"https:\/\/baonline.artiosmagazine.org\/wp-content\/uploads\/sites\/13\/2024\/05\/cropped-BA-Online-Logo-1-3.jpg\",\"width\":380,\"height\":80,\"caption\":\"Bible Advocate\"},\"image\":{\"@id\":\"https:\/\/baonline.artiosmagazine.org\/es\/#\/schema\/logo\/image\/\"}}]}<\/script>\n<!-- \/ Yoast SEO plugin. -->","yoast_head_json":{"title":"Escribe para Nosotros - Bible Advocate","robots":{"index":"index","follow":"follow","max-snippet":"max-snippet:-1","max-image-preview":"max-image-preview:large","max-video-preview":"max-video-preview:-1"},"canonical":"https:\/\/baonline.artiosmagazine.org\/es\/escribe-para-nosotros\/","og_locale":"es_ES","og_type":"article","og_title":"Escribe para Nosotros - Bible Advocate","og_description":"Escribiendo para Abogado de la Biblia Gracias por considerar escribir con nosotros por el bien de la gracia y la verdad de Cristo. El AB agradece sus oraciones, su apoyo y sus contribuciones. Por favor, revise nuestras Gu\u00edas para Escritores y no dude en contactarnos con preguntas o ideas a bibleadvocate@cog7.org. Gu\u00edas para Escritores Al [&hellip;]","og_url":"https:\/\/baonline.artiosmagazine.org\/es\/escribe-para-nosotros\/","og_site_name":"Bible Advocate","article_modified_time":"2024-07-23T03:02:32+00:00","twitter_card":"summary_large_image","twitter_misc":{"Est. reading time":"2 minutes"},"schema":{"@context":"https:\/\/schema.org","@graph":[{"@type":"WebPage","@id":"https:\/\/baonline.artiosmagazine.org\/es\/escribe-para-nosotros\/","url":"https:\/\/baonline.artiosmagazine.org\/es\/escribe-para-nosotros\/","name":"Escribe para Nosotros - Bible Advocate","isPartOf":{"@id":"https:\/\/baonline.artiosmagazine.org\/es\/#website"},"datePublished":"2020-08-06T18:00:11+00:00","dateModified":"2024-07-23T03:02:32+00:00","breadcrumb":{"@id":"https:\/\/baonline.artiosmagazine.org\/es\/escribe-para-nosotros\/#breadcrumb"},"inLanguage":"es-ES","potentialAction":[{"@type":"ReadAction","target":["https:\/\/baonline.artiosmagazine.org\/es\/escribe-para-nosotros\/"]}]},{"@type":"BreadcrumbList","@id":"https:\/\/baonline.artiosmagazine.org\/es\/escribe-para-nosotros\/#breadcrumb","itemListElement":[{"@type":"ListItem","position":1,"name":"Home","item":"https:\/\/baonline.artiosmagazine.org\/es\/"},{"@type":"ListItem","position":2,"name":"Escribe para Nosotros"}]},{"@type":"WebSite","@id":"https:\/\/baonline.artiosmagazine.org\/es\/#website","url":"https:\/\/baonline.artiosmagazine.org\/es\/","name":"Bible Advocate","description":"Advocating the Bible, representing the Church, and glorifying the God of grace and truth","publisher":{"@id":"https:\/\/baonline.artiosmagazine.org\/es\/#organization"},"potentialAction":[{"@type":"SearchAction","target":{"@type":"EntryPoint","urlTemplate":"https:\/\/baonline.artiosmagazine.org\/es\/?s={search_term_string}"},"query-input":{"@type":"PropertyValueSpecification","valueRequired":true,"valueName":"search_term_string"}}],"inLanguage":"es-ES"},{"@type":"Organization","@id":"https:\/\/baonline.artiosmagazine.org\/es\/#organization","name":"Bible Advocate","url":"https:\/\/baonline.artiosmagazine.org\/es\/","logo":{"@type":"ImageObject","inLanguage":"es-ES","@id":"https:\/\/baonline.artiosmagazine.org\/es\/#\/schema\/logo\/image\/","url":"https:\/\/baonline.artiosmagazine.org\/wp-content\/uploads\/sites\/13\/2024\/05\/cropped-BA-Online-Logo-1-3.jpg","contentUrl":"https:\/\/baonline.artiosmagazine.org\/wp-content\/uploads\/sites\/13\/2024\/05\/cropped-BA-Online-Logo-1-3.jpg","width":380,"height":80,"caption":"Bible Advocate"},"image":{"@id":"https:\/\/baonline.artiosmagazine.org\/es\/#\/schema\/logo\/image\/"}}]}},"_links":{"self":[{"href":"https:\/\/baonline.artiosmagazine.org\/es\/wp-json\/wp\/v2\/pages\/33575","targetHints":{"allow":["GET"]}}],"collection":[{"href":"https:\/\/baonline.artiosmagazine.org\/es\/wp-json\/wp\/v2\/pages"}],"about":[{"href":"https:\/\/baonline.artiosmagazine.org\/es\/wp-json\/wp\/v2\/types\/page"}],"author":[{"embeddable":true,"href":"https:\/\/baonline.artiosmagazine.org\/es\/wp-json\/wp\/v2\/users\/236"}],"replies":[{"embeddable":true,"href":"https:\/\/baonline.artiosmagazine.org\/es\/wp-json\/wp\/v2\/comments?post=33575"}],"version-history":[{"count":7,"href":"https:\/\/baonline.artiosmagazine.org\/es\/wp-json\/wp\/v2\/pages\/33575\/revisions"}],"predecessor-version":[{"id":34458,"href":"https:\/\/baonline.artiosmagazine.org\/es\/wp-json\/wp\/v2\/pages\/33575\/revisions\/34458"}],"wp:attachment":[{"href":"https:\/\/baonline.artiosmagazine.org\/es\/wp-json\/wp\/v2\/media?parent=33575"}],"curies":[{"name":"wp","href":"https:\/\/api.w.org\/{rel}","templated":true}]}}